{"id":10,"date":"2018-12-18T10:28:05","date_gmt":"2018-12-18T10:28:05","guid":{"rendered":"http:\/\/www.joerg-hamann.de\/cms\/?page_id=10"},"modified":"2018-11-18T16:39:50","modified_gmt":"2018-11-18T16:39:50","slug":"impressum","status":"publish","type":"page","link":"https:\/\/www.joerg-hamann.de\/cms\/impressum\/","title":{"rendered":"Impressum"},"content":{"rendered":"\n<h3>F\u00fcr diese Website verantwortlicher Herausgeber:<br>J\u00f6rg Hamann, MdHB<br>Wexstra\u00dfe 29<br>20355 Hamburg<\/h3>\n\n\n\n<p>Telefon: (040) 35 75 48 0<br>Fax: (040) 35 75 48 50<br>E-Mail:&nbsp;<a href=\"mailto:kontakt@joerg-hamann.de\">kontakt@joerg-hamann.de<\/a><\/p>\n\n\n\n<h3>Realisierung<\/h3>\n\n\n\n<p>Netzwerge Hamburg eK<br>Wandsbeker Zollstra\u00dfe 13<br>22041 Hamburg<br><a href=\"http:\/\/www.netzwerge.de\/\" target=\"_blank\" rel=\"noreferrer noopener\">www.netzwerge.de<\/a><\/p>\n\n\n\n<h3>Bildnachweis<\/h3>\n\n\n\n<p>Titelbild:&nbsp;\u00a9&nbsp;<a href=\"http:\/\/de.fotolia.com\/p\/201941500\" target=\"_blank\" rel=\"noreferrer noopener\">thorabeti<\/a>&nbsp;\u2013&nbsp;<a href=\"http:\/\/www.fotolia.com\/\" target=\"_blank\" rel=\"noreferrer noopener\">Fotolia.com<\/a><\/p>\n\n\n\n<h3>Rechtshinweise \/ Haftungsausschluss \/ Nutzungsbedingungen<\/h3>\n\n\n\n<p>Diese Internet-Pr\u00e4senz wurde sorgf\u00e4ltig erarbeitet. Dennoch: Der Herausgeber \u00fcbernimmt f\u00fcr eventuelle Nachteile oder Sch\u00e4den, die aus den aufgef\u00fchrten Informationen, Empfehlungen oder Hinweisen resultieren, keine Haftung.<\/p>\n\n\n\n<p>Der Inhalt dieser Homepage ist ausschlie\u00dflich zu Informationszwecken bestimmt. Die Informationen stellen in keiner Weise einen Ersatz f\u00fcr professionelle Beratung durch Fachleute dar.<\/p>\n\n\n\n<p>F\u00fcr Sch\u00e4den oder Unannehmlichkeiten, die durch den Gebrauch oder Missbrauch dieser Informationen entstehen, kann der Herausgeber nicht &#8211; weder direkt noch indirekt &#8211; zur Verantwortung gezogen werden.<\/p>\n\n\n\n<p>Der Herausgeber \u00fcbernimmt keine Gew\u00e4hr f\u00fcr die Aktualit\u00e4t, Richtigkeit und Vollst\u00e4ndigkeit der bereitgestellten Informationen auf seiner Internet-Pr\u00e4senz.<\/p>\n\n\n\n<p>Die Haftung des Herausgebers f\u00fcr die Inhalte und Nutzung der Homepage beschr\u00e4nkt sich auf Vorsatz und grob fahrl\u00e4ssiges Verhalten. Die Autoren haften auch nicht f\u00fcr unbefugte Ver\u00e4nderungen durch Dritte (z.B. Hackangriffe etc.).<\/p>\n\n\n\n<p>Bei den angelinkten externen Seiten handelt es sich ausschlie\u00dflich um fremde, dem Herausgeber nicht zug\u00e4ngliche Inhalte. Der Herausgeber \u00fcbernimmt keine Verantwortung f\u00fcr den Inhalt der angelinkten Seiten. Es hat lediglich eine \u00dcberpr\u00fcfung der verlinkten Seiten zum Zeitpunkt der Linksetzung stattgefunden, bei der keine Anhaltspunkte f\u00fcr illegale Inhalte entdeckt wurden.<\/p>\n\n\n\n<p>Soweit Regelungen und Gesetze wiedergegeben werden, ist allein die amtliche Bekanntmachung ma\u00dfgeblich.<\/p>\n\n\n\n<p>Der Herausgeber ist bestrebt, in allen Publikationen die Urheberrechte der verwendeten Grafiken, Tondokumente, Videosequenzen und Texte zu beachten, von ihnen selbst erstellte Grafiken, Tondokumente, Videosequenzen und Texte zu nutzen oder auf lizenzfreie Grafiken, Tondokumente, Videosequenzen und Texte zur\u00fcckzugreifen. Das Copyright f\u00fcr ver\u00f6ffentlichte, von den Autoren selbst erstellte Objekte bleibt allein bei dem Herausgeber der Seiten. Eine Vervielf\u00e4ltigung oder Verwendung ist ohne seine ausdr\u00fcckliche Zustimmung nicht gestattet.<\/p>\n\n\n\n<p>Sofern innerhalb des Internetangebotes die M\u00f6glichkeit zur Eingabe pers\u00f6nlicher oder gesch\u00e4ftlicher Daten (E-Mail-Adressen, Namen, Anschriften, Telefon- und Faxnummern etc.) besteht, so erfolgt die Preisgabe dieser Daten seitens des Nutzers auf ausdr\u00fccklich freiwilliger Basis. Der Herausgeber der Internet-Pr\u00e4senz verpflichtet sich im Rahmen des Datenschutzgesetzes zur gr\u00f6\u00dftm\u00f6glichen Verschwiegenheit und wird die Daten nicht unerlaubt weitergeben.<\/p>\n\n\n\n<p>Dieser Haftungsausschluss ist als Teil des Internetangebotes zu betrachten, von dem aus auf diese Seite verwiesen wurde. Sofern Teile oder einzelne Formulierungen dieses Textes der geltenden Rechtslage nicht, nicht mehr oder nicht vollst\u00e4ndig entsprechen sollten, bleiben die \u00fcbrigen Teile des Dokumentes in ihrem Inhalt und ihrer G\u00fcltigkeit davon unber\u00fchrt.<\/p>\n\n\n\n<h3><strong>Datenschutz<\/strong><\/h3>\n\n\n\n<p><\/p>\n\n\n\n<p><strong>Datenschutzerkl\u00e4rung<\/strong><\/p>\n\n\n\n<p><strong>1. Name und Kontaktdaten des f\u00fcr die\nVerarbeitung Verantwortlichen<\/strong><\/p>\n\n\n\n<p>Diese Datenschutz-Information gilt f\u00fcr die\nDatenverarbeitung durch:<\/p>\n\n\n\n<p>Verantwortliche\/r: J\u00f6rg Hamann<\/p>\n\n\n\n<p>Wexstra\u00dfe 29, 20355 Hamburg, Deutschland<\/p>\n\n\n\n<p>Email:\njoerg.hamann@cduhamburg.de<\/p>\n\n\n\n<p>Bei Fragen zum Thema Datenschutz wenden\nSie sich bitte an Herr J\u00f6rg Hamann unter der o.g. Anschrift.<\/p>\n\n\n\n<p><strong>3. Erhebung und Speicherung\npersonenbezogener Daten sowie Art und Zweck von deren Verwendung<\/strong><\/p>\n\n\n\n<p>1. Beim Besuch der Website<\/p>\n\n\n\n<p>Beim Aufrufen meiner Website <a href=\"http:\/\/www.joerg-hamann.de\">www.joerg-hamann.de<\/a> werden durch den auf Ihrem Endger\u00e4t zum Einsatz\nkommenden Browser automatisch Informationen an den Server meiner Website\ngesendet. Diese Informationen werden tempor\u00e4r in einem sog. Logfile\ngespeichert. Folgende Informationen werden dabei ohne Ihr Zutun erfasst und bis\nzur automatisierten L\u00f6schung gespeichert:<\/p>\n\n\n\n<ul><li>IP-Adresse des anfragenden Rechners,<\/li><li>Datum und Uhrzeit des Zugriffs,<\/li><li>Name und URL der abgerufenen Datei,<\/li><li>Website, von der aus der Zugriff erfolgt\n(Referrer-URL),<\/li><li>verwendeter Browser und ggf. das\nBetriebssystem Ihres Rechners sowie der Name Ihres Access-Providers.<\/li><\/ul>\n\n\n\n<p>Die genannten Daten werden von mir zu\nfolgenden Zwecken verarbeitet:<\/p>\n\n\n\n<ul><li>Gew\u00e4hrleistung eines reibungslosen\nVerbindungsaufbaus der Website,<\/li><li>Gew\u00e4hrleistung einer komfortablen Nutzung meiner\nWebsite,<\/li><li>Auswertung der Systemsicherheit und\n-stabilit\u00e4t sowie<\/li><li>zu weiteren administrativen Zwecken.<\/li><\/ul>\n\n\n\n<p>Die Rechtsgrundlage f\u00fcr die\nDatenverarbeitung ist Art.&nbsp;6 Abs.&nbsp;1 S.&nbsp;1 lit.&nbsp;f DSGVO. Mein\nberechtigtes Interesse folgt aus oben aufgelisteten Zwecken zur Datenerhebung.\nIn keinem Fall verwende ich die erhobenen Daten zu dem Zweck, R\u00fcckschl\u00fcsse auf\nIhre Person zu ziehen.<\/p>\n\n\n\n<p>2. Einsatz von Cookies:<\/p>\n\n\n\n<p>a) Diese Website nutzt folgende Arten von\nCookies, deren Umfang und Funktionsweise im Folgenden erl\u00e4utert\nwerden:&nbsp;transiente Cookies (dazu b) und&nbsp;persistente Cookies (dazu c).<\/p>\n\n\n\n<p>(b) Transiente Cookies werden automatisiert\ngel\u00f6scht, wenn Sie den Browser schlie\u00dfen. Dazu z\u00e4hlen insbesondere die\nSession-Cookies. Diese speichern eine sogenannte Session-ID, mit welcher sich\nverschiedene Anfragen Ihres Browsers der gemeinsamen Sitzung zuordnen lassen.\nDadurch kann Ihr Rechner wiedererkannt werden, wenn Sie auf unsere Website\nzur\u00fcckkehren. Die Session-Cookies werden gel\u00f6scht, wenn Sie sich ausloggen oder\nden Browser schlie\u00dfen.<\/p>\n\n\n\n<p>(c) Persistente Cookies werden\nautomatisiert nach einer vorgegebenen Dauer gel\u00f6scht, die sich je nach Cookie\nunterscheiden kann. Sie k\u00f6nnen die Cookies in den Sicherheitseinstellungen\nIhres Browsers jederzeit l\u00f6schen.<\/p>\n\n\n\n<p>(d) Sie k\u00f6nnen Ihre Browser-Einstellung\nentsprechend Ihren W\u00fcnschen konfigurieren und z. B. die Annahme von\nThird-Party-Cookies oder allen Cookies ablehnen. Wir weisen Sie darauf hin,\ndass Sie eventuell nicht alle Funktionen dieser Website nutzen k\u00f6nnen.<\/p>\n\n\n\n<p>(e) Wir setzen Cookies ein, um Sie f\u00fcr\nFolgebesuche identifizieren zu k\u00f6nnen, falls Sie \u00fcber einen Account bei uns\nverf\u00fcgen. Andernfalls m\u00fcssten Sie sich f\u00fcr jeden Besuch erneut einloggen.<\/p>\n\n\n\n<p>(f) Die genutzten Flash-Cookies werden\nnicht durch Ihren Browser erfasst, sondern durch Ihr Flash-Plug-in. Weiterhin\nnutzen wir HTML5 storage objects, die auf Ihrem Endger\u00e4t abgelegt werden. Diese\nObjekte speichern die erforderlichen Daten unabh\u00e4ngig von Ihrem verwendeten\nBrowser und haben kein automatisches Ablaufdatum. Wenn Sie keine Verarbeitung\nder Flash-Cookies w\u00fcnschen, m\u00fcssen Sie ein entsprechendes Add-On installieren,\nz. B.&nbsp;<a href=\"https:\/\/addons.mozilla.org\/de\/firefox\/addon\/betterprivacy\/\">\u201eBetter\nPrivacy\u201c f\u00fcr Mozilla Firefox<\/a>&nbsp;oder\ndas Adobe-Flash-Killer-Cookie f\u00fcr Google Chrome. Die Nutzung von HTML5 storage\nobjects k\u00f6nnen Sie verhindern, indem Sie in Ihrem Browser den privaten Modus einsetzen.\nZudem empfehlen wir, regelm\u00e4\u00dfig Ihre Cookies und den Browser-Verlauf manuell zu\nl\u00f6schen.<\/p>\n\n\n\n<p>3. Eingebettete Inhalte von anderen\nWebsites<\/p>\n\n\n\n<p>Beitr\u00e4ge auf dieser Website k\u00f6nnen\neingebettete Inhalte beinhalten (z.&nbsp;B. Videos, Bilder, Beitr\u00e4ge etc.).\nEingebettete Inhalte von anderen Websites verhalten sich exakt so, als ob der\nBesucher die andere Website besucht h\u00e4tte.<\/p>\n\n\n\n<p>Diese Websites k\u00f6nnen Daten \u00fcber Sie\nsammeln, Cookies benutzen, zus\u00e4tzliche Tracking-Dienste von Dritten einbetten\nund Ihre Interaktion mit diesem eingebetteten Inhalt aufzeichnen, inklusive Ihrer\nInteraktion mit dem eingebetteten Inhalt, falls Sie ein Konto haben und auf\ndieser Website angemeldet sind.<\/p>\n\n\n\n<p>4. Hinweis gem\u00e4\u00df Teledienstgesetz<\/p>\n\n\n\n<p>F\u00fcr Internetseiten Dritter, auf die der\nHerausgeber durch sogenannte Links verweist,tragen die jeweiligen Anbieter die\nVerantwortung. Der Herausgeber ist f\u00fcr den Inhalt solcher Seiten Dritter nicht\nverantwortlich. Des weiteren kann die Website des Herausgebers ohne dessen\nWissen von anderen Seiten mittels sogenannter Links abgelinkt werden. Der\nHerausgeber \u00fcbernimmt keine Verantwortung f\u00fcr Darstellung, Inhalt oder\nirgendeine Verbindung zu Parteigliederung des Herausgebers in Websites Dritter.\nF\u00fcr fremde Inhalte ist der Herausgeber nur dann verantwortlich, wenn er von\nihnen (d.h. auch von einem rechtswirdrigen oder strafbaren Inhalt) positive\nKenntnis hat und es dem Herausgeber technisch m\u00f6glich und zumutbar ist, deren\nNutzung zu verhindern. Der Herausgeber ist nach dem Teledienstgesetz jedoch\nnicht verpflichtet, die fremden Inhalte st\u00e4ndig zu \u00fcberpr\u00fcfen.<\/p>\n\n\n\n<p><strong>4. Weitergabe von Daten<\/strong><\/p>\n\n\n\n<p>Eine \u00dcbermittlung Ihrer pers\u00f6nlichen Daten\nan Dritte zu anderen als den im Folgenden aufgef\u00fchrten Zwecken findet nicht\nstatt.<\/p>\n\n\n\n<p>Ich gebe Ihre pers\u00f6nlichen Daten nur an\nDritte weiter, wenn:<\/p>\n\n\n\n<ul><li>Sie Ihre nach Art.&nbsp;6 Abs.&nbsp;1\nS.&nbsp;1 lit.&nbsp;a DSGVO ausdr\u00fcckliche Einwilligung dazu erteilt haben,<\/li><li>die Weitergabe nach Art.&nbsp;6\nAbs.&nbsp;1 S.&nbsp;1 lit.&nbsp;f DSGVO zur Geltendmachung, Aus\u00fcbung oder\nVerteidigung von Rechtsanspr\u00fcchen erforderlich ist und kein Grund zur Annahme\nbesteht, dass Sie ein \u00fcberwiegendes schutzw\u00fcrdiges Interesse an der\nNichtweitergabe Ihrer Daten haben,<\/li><li>f\u00fcr den Fall, dass f\u00fcr die Weitergabe nach\nArt.&nbsp;6 Abs.&nbsp;1 S.&nbsp;1 lit.&nbsp;c DSGVO eine gesetzliche\nVerpflichtung besteht, sowie<\/li><li>dies gesetzlich zul\u00e4ssig und nach\nArt.&nbsp;6 Abs.&nbsp;1 S.&nbsp;1 lit.&nbsp;b DSGVO f\u00fcr die Abwicklung von\nVertragsverh\u00e4ltnissen mit Ihnen erforderlich ist.<\/li><\/ul>\n\n\n\n<p><strong>5. Analyse-Tools<\/strong><\/p>\n\n\n\n<p>Tracking-Tools<\/p>\n\n\n\n<p>Die im Folgenden aufgef\u00fchrte und von mir\neingesetzte Tracking-Ma\u00dfnahme wird auf Grundlage des Art.&nbsp;6 Abs.&nbsp;1\nS.&nbsp;1 lit.&nbsp;f DSGVO durchgef\u00fchrt. Mit der zum Einsatz kommenden\nTracking-Ma\u00dfnahme m\u00f6chte ich eine bedarfsgerechte Gestaltung und die\nfortlaufende Optimierung meiner Webseite sicherstellen. Zum anderen setze ich\ndie Tracking-Ma\u00dfnahme ein, um die Nutzung meiner Webseite statistisch zu\nerfassen und zum Zwecke der Optimierung meines Angebotes f\u00fcr Sie auszuwerten.\nDiese Interessen sind als berechtigt im Sinne der vorgenannten Vorschrift\nanzusehen.<\/p>\n\n\n\n<p>Ich verwende &#8222;Google Analytics&#8220;,\num Aufrufzahlen etc. einzusehen. Es werden keine personenbezogenen Daten von mir\ngesammelt.<\/p>\n\n\n\n<p><strong>6. Betroffenenrechte<\/strong><\/p>\n\n\n\n<p>Sie haben das Recht:<\/p>\n\n\n\n<ul><li>gem\u00e4\u00df Art.&nbsp;15 DSGVO Auskunft \u00fcber\nIhre von mir verarbeiteten personenbezogenen Daten zu verlangen. Insbesondere\nk\u00f6nnen Sie Auskunft \u00fcber die Verarbeitungszwecke, die Kategorie der\npersonenbezogenen Daten, die Kategorien von Empf\u00e4ngern, gegen\u00fcber denen Ihre\nDaten offengelegt wurden oder werden, die geplante Speicherdauer, das Bestehen\neines Rechts auf Berichtigung, L\u00f6schung, Einschr\u00e4nkung der Verarbeitung oder\nWiderspruch, das Bestehen eines Beschwerderechts, die Herkunft ihrer Daten,\nsofern diese nicht bei uns erhoben wurden, sowie \u00fcber das Bestehen einer\nautomatisierten Entscheidungsfindung einschlie\u00dflich Profiling und ggf.\naussagekr\u00e4ftigen Informationen zu deren Einzelheiten verlangen;<\/li><li>gem\u00e4\u00df Art.&nbsp;16 DSGVO unverz\u00fcglich die\nBerichtigung unrichtiger oder Vervollst\u00e4ndigung Ihrer bei mir gespeicherten\npersonenbezogenen Daten zu verlangen;<\/li><li>gem\u00e4\u00df Art.&nbsp;17 DSGVO die L\u00f6schung\nIhrer bei mir gespeicherten personenbezogenen Daten zu verlangen, soweit nicht\ndie Verarbeitung zur Aus\u00fcbung des Rechts auf freie Meinungs\u00e4u\u00dferung und\nInformation, zur Erf\u00fcllung einer rechtlichen Verpflichtung, aus Gr\u00fcnden des\n\u00f6ffentlichen Interesses oder zur Geltendmachung, Aus\u00fcbung oder Verteidigung von\nRechtsanspr\u00fcchen erforderlich ist;<\/li><li>gem\u00e4\u00df Art.&nbsp;18 DSGVO die Einschr\u00e4nkung\nder Verarbeitung Ihrer personenbezogenen Daten zu verlangen, soweit die\nRichtigkeit der Daten von Ihnen bestritten wird, die Verarbeitung unrechtm\u00e4\u00dfig\nist, Sie aber deren L\u00f6schung ablehnen und ich die Daten nicht mehr ben\u00f6tige,\nSie jedoch diese zur Geltendmachung, Aus\u00fcbung oder Verteidigung von\nRechtsanspr\u00fcchen ben\u00f6tigen oder Sie gem\u00e4\u00df Art.&nbsp;21 DSGVO Widerspruch gegen\ndie Verarbeitung eingelegt haben;<\/li><li>gem\u00e4\u00df Art.&nbsp;20 DSGVO Ihre\npersonenbezogenen Daten, die Sie mir bereitgestellt haben, in einem\nstrukturierten, g\u00e4ngigen und maschinenlesebaren Format zu erhalten oder die\n\u00dcbermittlung an einen anderen Verantwortlichen zu verlangen;<\/li><li>gem\u00e4\u00df Art.&nbsp;7 Abs.&nbsp;3 DSGVO Ihre\neinmal erteilte Einwilligung jederzeit gegen\u00fcber mir zu widerrufen. Dies hat\nzur Folge, dass ich die Datenverarbeitung, die auf dieser Einwilligung beruhte,\nf\u00fcr die Zukunft nicht mehr fortf\u00fchren darf und<\/li><li>gem\u00e4\u00df Art.&nbsp;77 DSGVO sich bei einer\nAufsichtsbeh\u00f6rde zu beschweren. In der Regel k\u00f6nnen Sie sich hierf\u00fcr an die\nAufsichtsbeh\u00f6rde Ihres \u00fcblichen Aufenthaltsortes oder Arbeitsplatzes wenden.<\/li><\/ul>\n\n\n\n<p><strong>7. Widerspruchsrecht<\/strong><\/p>\n\n\n\n<p>Sofern Ihre personenbezogenen Daten auf\nGrundlage von berechtigten Interessen gem\u00e4\u00df Art.&nbsp;6 Abs.&nbsp;1 S.&nbsp;1\nlit.&nbsp;f DSGVO verarbeitet werden, haben Sie das Recht, gem\u00e4\u00df Art.&nbsp;21\nDSGVO Widerspruch gegen die Verarbeitung Ihrer personenbezogenen Daten\neinzulegen, soweit daf\u00fcr Gr\u00fcnde vorliegen, die sich aus Ihrer besonderen\nSituation ergeben oder sich der Widerspruch gegen Direktwerbung richtet. Im\nletzteren Fall haben Sie ein generelles Widerspruchsrecht, das ohne Angabe\neiner besonderen Situation von mir umgesetzt wird.<\/p>\n\n\n\n<p>M\u00f6chten Sie von Ihrem Widerrufs- oder\nWiderspruchsrecht Gebrauch machen, gen\u00fcgt eine E-Mail an info@ra-kues.de<\/p>\n\n\n\n<p><strong>8. Datensicherheit<\/strong><\/p>\n\n\n\n<p>Ich bediene mich geeigneter technischer\nund organisatorischer Sicherheitsma\u00dfnahmen, um Ihre Daten gegen zuf\u00e4llige oder\nvors\u00e4tzliche Manipulationen, teilweisen oder vollst\u00e4ndigen Verlust, Zerst\u00f6rung\noder gegen den unbefugten Zugriff Dritter zu sch\u00fctzen. Meine Sicherheitsma\u00dfnahmen\nwerden entsprechend der technologischen Entwicklung fortlaufend verbessert.<\/p>\n\n\n\n<p><strong>9. Aktualit\u00e4t und \u00c4nderung dieser\nDatenschutzerkl\u00e4rung<\/strong><\/p>\n\n\n\n<p>Diese Datenschutzerkl\u00e4rung ist aktuell\ng\u00fcltig und hat den Stand November 2018.<\/p>\n\n\n\n<p>Durch die Weiterentwicklung meiner Website\nund Angebote dar\u00fcber oder aufgrund ge\u00e4nderter gesetzlicher beziehungsweise\nbeh\u00f6rdlicher Vorgaben kann es notwendig werden, diese Datenschutzerkl\u00e4rung zu\n\u00e4ndern. Die jeweils aktuelle Datenschutzerkl\u00e4rung kann jederzeit auf der\nWebsite unter&nbsp;www.joerg-hamann.de&nbsp;von Ihnen abgerufen und ausgedruckt\nwerden.<\/p>\n\n\n\n<p><strong>CDU-Abgeordnetenb\u00fcro<br>\nJ\u00f6rg Hamann MdHB<br>\nWexstra\u00dfe 29<br>\n20255 Hamburg<\/strong><\/p>\n\n\n\n<p><strong><a href=\"mailto:jorg.hamann@cduhamburg.de\">joerg.hamann@cduhamburg.de<\/a><\/strong><strong><\/strong><\/p>\n","protected":false},"excerpt":{"rendered":"<p>F\u00fcr diese Website verantwortlicher Herausgeber:J\u00f6rg Hamann, MdHBWexstra\u00dfe 2920355 Hamburg Telefon: (040) 35 75 48 0Fax: (040) 35 75 48 50E-Mail:&nbsp;kontakt@joerg-hamann.de Realisierung Netzwerge Hamburg eKWandsbeker Zollstra\u00dfe 1322041 Hamburgwww.netzwerge.de Bildnachweis Titelbild:&nbsp;\u00a9&nbsp;thorabeti&nbsp;\u2013&nbsp;Fotolia.com Rechtshinweise \/ Haftungsausschluss \/ Nutzungsbedingungen Diese Internet-Pr\u00e4senz wurde sorgf\u00e4ltig erarbeitet. Dennoch: Der Herausgeber \u00fcbernimmt f\u00fcr eventuelle Nachteile oder Sch\u00e4den, die aus den aufgef\u00fchrten Informationen, Empfehlungen oder [&hellip;]<\/p>\n","protected":false},"author":2,"featured_media":0,"parent":0,"menu_order":0,"comment_status":"closed","ping_status":"closed","template":"","meta":[],"_links":{"self":[{"href":"https:\/\/www.joerg-hamann.de\/cms\/wp-json\/wp\/v2\/pages\/10"}],"collection":[{"href":"https:\/\/www.joerg-hamann.de\/cms\/wp-json\/wp\/v2\/pages"}],"about":[{"href":"https:\/\/www.joerg-hamann.de\/cms\/wp-json\/wp\/v2\/types\/page"}],"author":[{"embeddable":true,"href":"https:\/\/www.joerg-hamann.de\/cms\/wp-json\/wp\/v2\/users\/2"}],"replies":[{"embeddable":true,"href":"https:\/\/www.joerg-hamann.de\/cms\/wp-json\/wp\/v2\/comments?post=10"}],"version-history":[{"count":3,"href":"https:\/\/www.joerg-hamann.de\/cms\/wp-json\/wp\/v2\/pages\/10\/revisions"}],"predecessor-version":[{"id":759,"href":"https:\/\/www.joerg-hamann.de\/cms\/wp-json\/wp\/v2\/pages\/10\/revisions\/759"}],"wp:attachment":[{"href":"https:\/\/www.joerg-hamann.de\/cms\/wp-json\/wp\/v2\/media?parent=10"}],"curies":[{"name":"wp","href":"https:\/\/api.w.org\/{rel}","templated":true}]}}