{"id":14,"date":"2012-03-05T10:12:52","date_gmt":"2012-03-05T10:12:52","guid":{"rendered":"http:\/\/www.joerg-hamann.de\/cms\/?page_id=14"},"modified":"2012-06-13T11:10:26","modified_gmt":"2012-06-13T11:10:26","slug":"kontakt","status":"publish","type":"page","link":"https:\/\/www.joerg-hamann.de\/cms\/kontakt\/","title":{"rendered":"Kontakt"},"content":{"rendered":"<p>&nbsp;<\/p>\n<p>So erreichen Sie mein Abgeordnetenb\u00fcro:<\/p>\n<p>CDU-Abgeordnetenb\u00fcro<br \/>\nJ\u00f6rg Hamann MdHB<br \/>\nWexstra\u00dfe 29<br \/>\n20255 Hamburg<\/p>\n<p><a href=\"mailto:jorg.hamann@cduhamburg.de\">joerg.hamann@cduhamburg.de<\/a><\/p>\n<p>&nbsp;<\/p>\n","protected":false},"excerpt":{"rendered":"<p>&nbsp; So erreichen Sie mein Abgeordnetenb\u00fcro: CDU-Abgeordnetenb\u00fcro J\u00f6rg Hamann MdHB Wexstra\u00dfe 29 20255 Hamburg joerg.hamann@cduhamburg.de &nbsp;<\/p>\n","protected":false},"author":1,"featured_media":0,"parent":0,"menu_order":0,"comment_status":"closed","ping_status":"closed","template":"","meta":[],"_links":{"self":[{"href":"https:\/\/www.joerg-hamann.de\/cms\/wp-json\/wp\/v2\/pages\/14"}],"collection":[{"href":"https:\/\/www.joerg-hamann.de\/cms\/wp-json\/wp\/v2\/pages"}],"about":[{"href":"https:\/\/www.joerg-hamann.de\/cms\/wp-json\/wp\/v2\/types\/page"}],"author":[{"embeddable":true,"href":"https:\/\/www.joerg-hamann.de\/cms\/wp-json\/wp\/v2\/users\/1"}],"replies":[{"embeddable":true,"href":"https:\/\/www.joerg-hamann.de\/cms\/wp-json\/wp\/v2\/comments?post=14"}],"version-history":[{"count":5,"href":"https:\/\/www.joerg-hamann.de\/cms\/wp-json\/wp\/v2\/pages\/14\/revisions"}],"predecessor-version":[{"id":64,"href":"https:\/\/www.joerg-hamann.de\/cms\/wp-json\/wp\/v2\/pages\/14\/revisions\/64"}],"wp:attachment":[{"href":"https:\/\/www.joerg-hamann.de\/cms\/wp-json\/wp\/v2\/media?parent=14"}],"curies":[{"name":"wp","href":"https:\/\/api.w.org\/{rel}","templated":true}]}}