{"id":4,"date":"2011-12-23T10:15:40","date_gmt":"2011-12-23T10:15:40","guid":{"rendered":"http:\/\/www.joerg-hamann.de\/cms\/?page_id=4"},"modified":"2021-03-10T14:35:12","modified_gmt":"2021-03-10T13:35:12","slug":"herzlich-willkommen-auf-meiner-homepage","status":"publish","type":"page","link":"https:\/\/www.joerg-hamann.de\/cms\/","title":{"rendered":"Liebe B\u00fcrger, Freunde und Interessenten"},"content":{"rendered":"<p><a href=\"http:\/\/www.joerg-hamann.de\/cms\/wp-content\/uploads\/2011\/12\/hamann.jpg\"><img loading=\"lazy\" class=\"size-full wp-image-16 alignleft\" title=\"J\u00f6rg Hamann, MdHB\" src=\"http:\/\/www.joerg-hamann.de\/cms\/wp-content\/uploads\/2011\/12\/hamann.jpg\" alt=\"\" width=\"179\" height=\"250\" \/><\/a><\/p>\n<p>nach \u00fcber 20 Jahren T\u00e4tigkeit als Abgeordneter der Hamburgischen B\u00fcrgerschaft sowie der Bezirksversammlung Hamburg-Mitte bin ich in der aktuellen Legislaturperiode nicht mehr als Abgeordneter t\u00e4tig.<\/p>\n<p>Mein Schwerpunkt liegt jetzt wieder auf meinem Beruf als Rechtsanwalt in Hamburg. Politisch engagiere ich mich aber weiter: Als stellvertretender Vorsitzender des Landesausschusses der CDU Hamburg, Mitglied im Kreisvorstand der CDU Hamburg-Mitte, Vorsitzender des Ortsverbands Innenstadt (Altstadt, Neustadt, Hafencity) u.a.<\/p>\n<p>Wenn Sie als B\u00fcrger Fragen oder Probleme haben, versuche ich, Ihnen auch weiter gerne zu helfen. Am Besten erreichen Sie mich unter meiner privaten E-Mail-Adresse: rahamann@aol.com.<\/p>\n<p>Ihr J\u00f6rg Hamann<\/p>\n","protected":false},"excerpt":{"rendered":"<p>nach \u00fcber 20 Jahren T\u00e4tigkeit als Abgeordneter der Hamburgischen B\u00fcrgerschaft sowie der Bezirksversammlung Hamburg-Mitte bin ich in der aktuellen Legislaturperiode nicht mehr als Abgeordneter t\u00e4tig. Mein Schwerpunkt liegt jetzt wieder auf meinem Beruf als Rechtsanwalt in Hamburg. Politisch engagiere ich mich aber weiter: Als stellvertretender Vorsitzender des Landesausschusses der CDU Hamburg, Mitglied im Kreisvorstand der [&hellip;]<\/p>\n","protected":false},"author":1,"featured_media":0,"parent":0,"menu_order":0,"comment_status":"closed","ping_status":"closed","template":"","meta":[],"_links":{"self":[{"href":"https:\/\/www.joerg-hamann.de\/cms\/wp-json\/wp\/v2\/pages\/4"}],"collection":[{"href":"https:\/\/www.joerg-hamann.de\/cms\/wp-json\/wp\/v2\/pages"}],"about":[{"href":"https:\/\/www.joerg-hamann.de\/cms\/wp-json\/wp\/v2\/types\/page"}],"author":[{"embeddable":true,"href":"https:\/\/www.joerg-hamann.de\/cms\/wp-json\/wp\/v2\/users\/1"}],"replies":[{"embeddable":true,"href":"https:\/\/www.joerg-hamann.de\/cms\/wp-json\/wp\/v2\/comments?post=4"}],"version-history":[{"count":7,"href":"https:\/\/www.joerg-hamann.de\/cms\/wp-json\/wp\/v2\/pages\/4\/revisions"}],"predecessor-version":[{"id":1047,"href":"https:\/\/www.joerg-hamann.de\/cms\/wp-json\/wp\/v2\/pages\/4\/revisions\/1047"}],"wp:attachment":[{"href":"https:\/\/www.joerg-hamann.de\/cms\/wp-json\/wp\/v2\/media?parent=4"}],"curies":[{"name":"wp","href":"https:\/\/api.w.org\/{rel}","templated":true}]}}