{"id":77,"date":"2012-03-17T13:43:24","date_gmt":"2012-03-17T13:43:24","guid":{"rendered":"http:\/\/www.joerg-hamann.de\/cms\/?page_id=77"},"modified":"2012-06-13T11:16:08","modified_gmt":"2012-06-13T11:16:08","slug":"mein-wahlkreis-hamburg-mitte1","status":"publish","type":"page","link":"https:\/\/www.joerg-hamann.de\/cms\/mein-wahlkreis-hamburg-mitte1\/","title":{"rendered":"Mein Wahlkreis &#8222;Hamburg-Mitte 1&#8220;"},"content":{"rendered":"<p>&nbsp;<\/p>\n<p><span>Mit der B\u00fcrgerschaftswahl im Jahr 2011 wurden in Hamburg Wahlkreise eingef\u00fchrt. Dies geschah mit dem Ziel, eine gr\u00f6\u00dfere N\u00e4he der Politik \u2013 genauer gesagt der Politiker \u2013 zu den W\u00e4hlerinnen und W\u00e4hlern und damit Ihnen zu schaffen. <\/span><\/p>\n<p class=\"MsoNormal\"><strong><span style=\"font-size: 11.0pt; font-family: Arial;\">Schlie\u00dflich wollen Sie doch wissen, wer f\u00fcr Sie im Parlament sitzt und dort Ihre Interessen vertritt! <\/span><\/strong><\/p>\n<p>&nbsp;<\/p>\n<p>Mein Wahlkreis Hamburg-Mitte 1 umfasst die Stadtteile Altstadt, Neustadt, HafenCity, St. Pauli, St. Georg, Hammerbrook, Borgfelde, Hamm und Horn, und spiegelt somit alle Facetten des Bezirks wieder. Wenn Sie also in einem dieser Stadtteile wohnen, bin ich in besonderem Ma\u00dfe f\u00fcr Sie da und freue mich selbstverst\u00e4ndlich, wenn Sie mir auch \u00bbbeim n\u00e4chsten Mal\u00ab wieder Ihr Vertrauen schenken.<\/p>\n<p class=\"MsoNormal\"><span style=\"font-size: 11.0pt; font-family: Arial;\"><br \/>\n<\/span><\/p>\n","protected":false},"excerpt":{"rendered":"<p>&nbsp; Mit der B\u00fcrgerschaftswahl im Jahr 2011 wurden in Hamburg Wahlkreise eingef\u00fchrt. Dies geschah mit dem Ziel, eine gr\u00f6\u00dfere N\u00e4he der Politik \u2013 genauer gesagt der Politiker \u2013 zu den W\u00e4hlerinnen und W\u00e4hlern und damit Ihnen zu schaffen. Schlie\u00dflich wollen Sie doch wissen, wer f\u00fcr Sie im Parlament sitzt und dort Ihre Interessen vertritt! &nbsp; [&hellip;]<\/p>\n","protected":false},"author":2,"featured_media":0,"parent":0,"menu_order":0,"comment_status":"closed","ping_status":"closed","template":"","meta":[],"_links":{"self":[{"href":"https:\/\/www.joerg-hamann.de\/cms\/wp-json\/wp\/v2\/pages\/77"}],"collection":[{"href":"https:\/\/www.joerg-hamann.de\/cms\/wp-json\/wp\/v2\/pages"}],"about":[{"href":"https:\/\/www.joerg-hamann.de\/cms\/wp-json\/wp\/v2\/types\/page"}],"author":[{"embeddable":true,"href":"https:\/\/www.joerg-hamann.de\/cms\/wp-json\/wp\/v2\/users\/2"}],"replies":[{"embeddable":true,"href":"https:\/\/www.joerg-hamann.de\/cms\/wp-json\/wp\/v2\/comments?post=77"}],"version-history":[{"count":10,"href":"https:\/\/www.joerg-hamann.de\/cms\/wp-json\/wp\/v2\/pages\/77\/revisions"}],"predecessor-version":[{"id":98,"href":"https:\/\/www.joerg-hamann.de\/cms\/wp-json\/wp\/v2\/pages\/77\/revisions\/98"}],"wp:attachment":[{"href":"https:\/\/www.joerg-hamann.de\/cms\/wp-json\/wp\/v2\/media?parent=77"}],"curies":[{"name":"wp","href":"https:\/\/api.w.org\/{rel}","templated":true}]}}